{"id":31604,"date":"2025-11-27T13:03:16","date_gmt":"2025-11-27T13:03:16","guid":{"rendered":"https:\/\/chatcenter.net\/?page_id=31604"},"modified":"2026-03-26T17:04:43","modified_gmt":"2026-03-26T17:04:43","slug":"agendar-una-llamada","status":"publish","type":"page","link":"https:\/\/chatcenter.net\/es\/agendar-una-llamada\/","title":{"rendered":"Agendar una llamada"},"content":{"rendered":"\t\t<div data-elementor-type=\"wp-page\" data-elementor-id=\"31604\" class=\"elementor elementor-31604\" data-elementor-post-type=\"page\">\n\t\t\t\t<div class=\"elementor-element elementor-element-181a71e e-flex e-con-boxed e-con e-parent\" data-id=\"181a71e\" data-element_type=\"container\" data-e-type=\"container\" data-settings=\"{&quot;background_background&quot;:&quot;classic&quot;}\">\n\t\t\t\t\t<div class=\"e-con-inner\">\n\t\t<div class=\"elementor-element elementor-element-aeb0720 e-con-full e-flex e-con e-child\" data-id=\"aeb0720\" data-element_type=\"container\" data-e-type=\"container\">\n\t\t\t\t<div class=\"elementor-element elementor-element-85b20e1 elementor-widget elementor-widget-heading\" data-id=\"85b20e1\" data-element_type=\"widget\" data-e-type=\"widget\" data-widget_type=\"heading.default\">\n\t\t\t\t<div class=\"elementor-widget-container\">\n\t\t\t\t\t<h2 class=\"elementor-heading-title elementor-size-default\">Dise\u00f1emos juntos tu modelo operativo AI-First<\/h2>\t\t\t\t<\/div>\n\t\t\t\t<\/div>\n\t\t\t\t<div class=\"elementor-element elementor-element-c9ed7b3 elementor-widget__width-initial elementor-widget elementor-widget-heading\" data-id=\"c9ed7b3\" data-element_type=\"widget\" data-e-type=\"widget\" data-widget_type=\"heading.default\">\n\t\t\t\t<div class=\"elementor-widget-container\">\n\t\t\t\t\t<span class=\"elementor-heading-title elementor-size-default\">Cu\u00e9ntanos tu desaf\u00edo. Nuestro equipo te contactar\u00e1 en menos de 24h.<\/span>\t\t\t\t<\/div>\n\t\t\t\t<\/div>\n\t\t\t\t<\/div>\n\t\t<div class=\"elementor-element elementor-element-38f214a e-con-full e-flex e-con e-child\" data-id=\"38f214a\" data-element_type=\"container\" data-e-type=\"container\">\n\t\t\t\t<div class=\"elementor-element elementor-element-078b662 elementor-widget elementor-widget-html\" data-id=\"078b662\" data-element_type=\"widget\" data-e-type=\"widget\" data-widget_type=\"html.default\">\n\t\t\t\t<div class=\"elementor-widget-container\">\n\t\t\t\t\t<script charset=\"utf-8\" type=\"text\/javascript\" src=\"\/\/js.hsforms.net\/forms\/embed\/v2.js\"><\/script>\n<script>\n  hbspt.forms.create({\n    portalId: \"47780964\",\n    formId: \"c8705a06-2624-41ed-9c68-64a632edef66\",\n    region: \"na1\"\n  });\n<\/script>\t\t\t\t<\/div>\n\t\t\t\t<\/div>\n\t\t\t\t<\/div>\n\t\t\t\t\t<\/div>\n\t\t\t\t<\/div>\n\t\t\t\t<\/div>\n\t\t","protected":false},"excerpt":{"rendered":"<p>Dise\u00f1emos juntos tu modelo operativo AI-First Cu\u00e9ntanos tu desaf\u00edo. Nuestro equipo te contactar\u00e1 en menos de 24h.<\/p>\n","protected":false},"author":20,"featured_media":0,"parent":0,"menu_order":0,"comment_status":"closed","ping_status":"closed","template":"elementor_header_footer","meta":{"_acf_changed":false,"content-type":"","inline_featured_image":false,"footnotes":""},"class_list":["post-31604","page","type-page","status-publish","hentry"],"acf":[],"yoast_head":"<!-- This site is optimized with the Yoast SEO plugin v27.3 - https:\/\/yoast.com\/product\/yoast-seo-wordpress\/ -->\n<title>Agendar una llamada | Chat Center<\/title>\n<meta name=\"robots\" content=\"index, follow, max-snippet:-1, max-image-preview:large, max-video-preview:-1\" \/>\n<link rel=\"canonical\" href=\"https:\/\/chatcenter.net\/book-a-call\/\" \/>\n<meta property=\"og:locale\" content=\"es_ES\" \/>\n<meta property=\"og:type\" content=\"article\" \/>\n<meta property=\"og:title\" content=\"Agendar una llamada | Chat Center\" \/>\n<meta property=\"og:description\" content=\"Dise\u00f1emos juntos tu modelo operativo AI-First Cu\u00e9ntanos tu desaf\u00edo. Nuestro equipo te contactar\u00e1 en menos de 24h.\" \/>\n<meta property=\"og:url\" content=\"https:\/\/chatcenter.net\/book-a-call\/\" \/>\n<meta property=\"og:site_name\" content=\"Chat Center\" \/>\n<meta property=\"article:publisher\" content=\"https:\/\/www.facebook.com\/Chatcenternetwork\" \/>\n<meta property=\"article:modified_time\" content=\"2026-03-26T17:04:43+00:00\" \/>\n<meta property=\"og:image\" content=\"https:\/\/chatcenter.net\/wp-content\/uploads\/2025\/11\/Open-graph-ChatCenter-services.png\" \/>\n\t<meta property=\"og:image:width\" content=\"1920\" \/>\n\t<meta property=\"og:image:height\" content=\"1080\" \/>\n\t<meta property=\"og:image:type\" content=\"image\/png\" \/>\n<meta name=\"twitter:card\" content=\"summary_large_image\" \/>\n<meta name=\"twitter:site\" content=\"@ChatCenterNet\" \/>\n<!-- \/ Yoast SEO plugin. -->","yoast_head_json":{"title":"Agendar una llamada | Chat Center","robots":{"index":"index","follow":"follow","max-snippet":"max-snippet:-1","max-image-preview":"max-image-preview:large","max-video-preview":"max-video-preview:-1"},"canonical":"https:\/\/chatcenter.net\/book-a-call\/","og_locale":"es_ES","og_type":"article","og_title":"Agendar una llamada | Chat Center","og_description":"Dise\u00f1emos juntos tu modelo operativo AI-First Cu\u00e9ntanos tu desaf\u00edo. Nuestro equipo te contactar\u00e1 en menos de 24h.","og_url":"https:\/\/chatcenter.net\/book-a-call\/","og_site_name":"Chat Center","article_publisher":"https:\/\/www.facebook.com\/Chatcenternetwork","article_modified_time":"2026-03-26T17:04:43+00:00","og_image":[{"width":1920,"height":1080,"url":"https:\/\/chatcenter.net\/wp-content\/uploads\/2025\/11\/Open-graph-ChatCenter-services.png","type":"image\/png"}],"twitter_card":"summary_large_image","twitter_site":"@ChatCenterNet","schema":{"@context":"https:\/\/schema.org","@graph":[{"@type":"WebPage","@id":"https:\/\/chatcenter.net\/book-a-call\/","url":"https:\/\/chatcenter.net\/book-a-call\/","name":"Agendar una llamada | Chat Center","isPartOf":{"@id":"https:\/\/chatcenter.net\/#website"},"datePublished":"2025-11-27T13:03:16+00:00","dateModified":"2026-03-26T17:04:43+00:00","breadcrumb":{"@id":"https:\/\/chatcenter.net\/book-a-call\/#breadcrumb"},"inLanguage":"es","potentialAction":[{"@type":"ReadAction","target":["https:\/\/chatcenter.net\/book-a-call\/"]}]},{"@type":"BreadcrumbList","@id":"https:\/\/chatcenter.net\/book-a-call\/#breadcrumb","itemListElement":[{"@type":"ListItem","position":1,"name":"Portada","item":"https:\/\/chatcenter.net\/es\/"},{"@type":"ListItem","position":2,"name":"Agendar una llamada"}]},{"@type":"WebSite","@id":"https:\/\/chatcenter.net\/#website","url":"https:\/\/chatcenter.net\/","name":"ChatCenter | Conversational AI for Enterprise","description":"ChatCenter designs and operates AI agents that sell and support customers 24\/7. End-to-end chat and voice solutions for telecom, insurance, and retail.","publisher":{"@id":"https:\/\/chatcenter.net\/#organization"},"alternateName":"ChatCenter","potentialAction":[{"@type":"SearchAction","target":{"@type":"EntryPoint","urlTemplate":"https:\/\/chatcenter.net\/?s={search_term_string}"},"query-input":{"@type":"PropertyValueSpecification","valueRequired":true,"valueName":"search_term_string"}}],"inLanguage":"es"},{"@type":"Organization","@id":"https:\/\/chatcenter.net\/#organization","name":"ChatCenter | Conversational AI for Enterprise","url":"https:\/\/chatcenter.net\/","logo":{"@type":"ImageObject","inLanguage":"es","@id":"https:\/\/chatcenter.net\/#\/schema\/logo\/image\/","url":"https:\/\/chatcenter.net\/wp-content\/uploads\/2025\/04\/Logo-CNN.svg","contentUrl":"https:\/\/chatcenter.net\/wp-content\/uploads\/2025\/04\/Logo-CNN.svg","width":1,"height":1,"caption":"ChatCenter | Conversational AI for Enterprise"},"image":{"@id":"https:\/\/chatcenter.net\/#\/schema\/logo\/image\/"},"sameAs":["https:\/\/www.facebook.com\/Chatcenternetwork","https:\/\/x.com\/ChatCenterNet","https:\/\/www.instagram.com\/chatcenternet\/","https:\/\/www.youtube.com\/channel\/UCpDgz93UjLc7znUB2GiQ6dQ","https:\/\/www.linkedin.com\/company\/chatcenter"]}]}},"_links":{"self":[{"href":"https:\/\/chatcenter.net\/es\/wp-json\/wp\/v2\/pages\/31604","targetHints":{"allow":["GET"]}}],"collection":[{"href":"https:\/\/chatcenter.net\/es\/wp-json\/wp\/v2\/pages"}],"about":[{"href":"https:\/\/chatcenter.net\/es\/wp-json\/wp\/v2\/types\/page"}],"author":[{"embeddable":true,"href":"https:\/\/chatcenter.net\/es\/wp-json\/wp\/v2\/users\/20"}],"replies":[{"embeddable":true,"href":"https:\/\/chatcenter.net\/es\/wp-json\/wp\/v2\/comments?post=31604"}],"version-history":[{"count":21,"href":"https:\/\/chatcenter.net\/es\/wp-json\/wp\/v2\/pages\/31604\/revisions"}],"predecessor-version":[{"id":33312,"href":"https:\/\/chatcenter.net\/es\/wp-json\/wp\/v2\/pages\/31604\/revisions\/33312"}],"wp:attachment":[{"href":"https:\/\/chatcenter.net\/es\/wp-json\/wp\/v2\/media?parent=31604"}],"curies":[{"name":"wp","href":"https:\/\/api.w.org\/{rel}","templated":true}]}}